{"id":4086,"date":"2025-04-29T14:20:43","date_gmt":"2025-04-29T14:20:43","guid":{"rendered":"https:\/\/sobantuguestfarm.com\/actividades\/"},"modified":"2025-09-15T17:35:47","modified_gmt":"2025-09-15T17:35:47","slug":"actividades","status":"publish","type":"page","link":"https:\/\/sobantuguestfarm.com\/es\/actividades\/","title":{"rendered":"Actividades"},"content":{"rendered":"\t\t<div data-elementor-type=\"wp-page\" data-elementor-id=\"4086\" class=\"elementor elementor-4086 elementor-1636\" data-elementor-post-type=\"page\">\n\t\t\t\t<div class=\"elementor-element elementor-element-0faf872 e-con-full e-flex e-con e-parent\" data-id=\"0faf872\" data-element_type=\"container\" data-settings=\"{&quot;background_background&quot;:&quot;classic&quot;}\">\n\t\t\t\t<\/div>\n\t\t<div class=\"elementor-element elementor-element-5897c3b e-con-full e-flex e-con e-parent\" data-id=\"5897c3b\" data-element_type=\"container\">\n\t\t<div class=\"elementor-element elementor-element-d84caf4 e-con-full e-flex e-con e-child\" data-id=\"d84caf4\" data-element_type=\"container\">\n\t\t\t\t<div class=\"elementor-element elementor-element-714b54a elementor-widget elementor-widget-image\" data-id=\"714b54a\" data-element_type=\"widget\" data-widget_type=\"image.default\">\n\t\t\t\t<div class=\"elementor-widget-container\">\n\t\t\t\t\t\t\t\t\t\t\t\t\t\t\t<img decoding=\"async\" src=\"https:\/\/sobantulodge.keitech.co.za\/wp-content\/uploads\/2025\/04\/D712285.jpg\" title=\"\" alt=\"\" loading=\"lazy\" \/>\t\t\t\t\t\t\t\t\t\t\t\t\t\t\t<\/div>\n\t\t\t\t<\/div>\n\t\t\t\t<\/div>\n\t\t<div class=\"elementor-element elementor-element-5d90fbb e-con-full e-flex e-con e-child\" data-id=\"5d90fbb\" data-element_type=\"container\">\n\t\t\t\t<div class=\"elementor-element elementor-element-c1a9998 elementor-widget elementor-widget-text-editor\" data-id=\"c1a9998\" data-element_type=\"widget\" data-widget_type=\"text-editor.default\">\n\t\t\t\t<div class=\"elementor-widget-container\">\n\t\t\t\t\t\t\t\t\t<p>Nuestro bar con licencia completa est\u00e1 ganando popularidad y abre todos los d\u00edas de 9:00 a 21:00, con m\u00fasica local y una gran variedad de bebidas. En invierno, la estufa de carb\u00f3n y le\u00f1a no dejar\u00e1 de calentarte mientras disfrutas de tu bebida o aperitivo favorito. La hospitalidad en <strong>Sobantu Guest Farm<\/strong> es c\u00e1lida y acogedora, y nuestro amable personal se esforzar\u00e1 por hacer que su estancia sea lo m\u00e1s c\u00f3moda posible.<\/p><p>Cerca de la <strong>reserva natural de Malolotja<\/strong> y de todas las diversiones que ofrece, pase por los establos <strong>Hawane<\/strong> para disfrutar de una ruta ecuestre panor\u00e1mica o para ver a los artesanos locales (tallado de piedra jab\u00f3n y madera).<\/p><p>Servicio regular de transporte a <strong>Pigg&#8217;s Peak<\/strong> o <strong>Mbabane<\/strong> para quienes no dispongan de coche. <\/p><p>Que sea un d\u00eda diferente a todos los dem\u00e1s y d\u00e9janos cuidar de ti.<\/p><p> <\/p>\t\t\t\t\t\t\t\t<\/div>\n\t\t\t\t<\/div>\n\t\t\t\t<\/div>\n\t\t\t\t<\/div>\n\t\t<div class=\"elementor-element elementor-element-b99f0d6 e-con-full e-flex e-con e-parent\" data-id=\"b99f0d6\" data-element_type=\"container\">\n\t\t<div class=\"elementor-element elementor-element-1ddbc4a e-con-full e-flex e-con e-child\" data-id=\"1ddbc4a\" data-element_type=\"container\">\n\t\t\t\t<div class=\"elementor-element elementor-element-3d5e152 elementor-widget elementor-widget-heading\" data-id=\"3d5e152\" data-element_type=\"widget\" data-widget_type=\"heading.default\">\n\t\t\t\t<div class=\"elementor-widget-container\">\n\t\t\t\t\t<h2 class=\"elementor-heading-title elementor-size-default\">Actividades <\/h2>\t\t\t\t<\/div>\n\t\t\t\t<\/div>\n\t\t\t\t<div class=\"elementor-element elementor-element-4fefb7d elementor-widget elementor-widget-image\" data-id=\"4fefb7d\" data-element_type=\"widget\" data-widget_type=\"image.default\">\n\t\t\t\t<div class=\"elementor-widget-container\">\n\t\t\t\t\t\t\t\t\t\t\t\t\t\t\t<img decoding=\"async\" src=\"https:\/\/sobantulodge.keitech.co.za\/wp-content\/uploads\/2025\/04\/D712426.jpg\" title=\"\" alt=\"\" loading=\"lazy\" \/>\t\t\t\t\t\t\t\t\t\t\t\t\t\t\t<\/div>\n\t\t\t\t<\/div>\n\t\t\t\t<\/div>\n\t\t<div class=\"elementor-element elementor-element-c653373 e-con-full e-flex e-con e-child\" data-id=\"c653373\" data-element_type=\"container\">\n\t\t\t\t<div class=\"elementor-element elementor-element-675f7f6 elementor-widget elementor-widget-text-editor\" data-id=\"675f7f6\" data-element_type=\"widget\" data-widget_type=\"text-editor.default\">\n\t\t\t\t<div class=\"elementor-widget-container\">\n\t\t\t\t\t\t\t\t\t<p> <\/p><ul><li>Haga senderismo o ciclismo hasta la cascada Lubuyane (el secreto mejor guardado de nuestra zona), que cae 25 metros para formar la piscina natural m\u00e1s perfecta.<\/li><\/ul><ul><li>Visite las pinturas rupestres de San, el Gap (Esicancweni) (donde el r\u00edo Nkomati desaparece durante 100 metros bajo las rocas). Se puede proporcionar gu\u00eda y transporte bajo petici\u00f3n.<\/li><\/ul><ul><li>Visita a Swazi Homestead: recorrido en bicicleta desde el albergue hasta la familia Maziya. \u00danase a la familia para disfrutar de un almuerzo local suazi apto para todos (veganos y vegetarianos). Si no va en bicicleta, se puede proporcionar un gu\u00eda y transporte bajo petici\u00f3n.<\/li><\/ul>\t\t\t\t\t\t\t\t<\/div>\n\t\t\t\t<\/div>\n\t\t\t\t<\/div>\n\t\t\t\t<\/div>\n\t\t\t\t<\/div>\n\t\t","protected":false},"excerpt":{"rendered":"<p>Nuestro bar con licencia completa est\u00e1 ganando popularidad y abre todos los d\u00edas de 9:00 a 21:00, con m\u00fasica local y una gran variedad de bebidas. En invierno, la estufa de carb\u00f3n y le\u00f1a no dejar\u00e1 de calentarte mientras disfrutas de tu bebida o aperitivo favorito. La hospitalidad en Sobantu Guest Farm es c\u00e1lida y &hellip; <\/p>\n<p class=\"link-more\"><a href=\"https:\/\/sobantuguestfarm.com\/es\/actividades\/\" class=\"more-link\">Leer m\u00e1s<span class=\"screen-reader-text\"> \u00abActividades\u00bb<\/span><\/a><\/p>\n","protected":false},"author":1,"featured_media":0,"parent":0,"menu_order":0,"comment_status":"closed","ping_status":"closed","template":"","meta":{"footnotes":""},"class_list":["post-4086","page","type-page","status-publish","hentry"],"_links":{"self":[{"href":"https:\/\/sobantuguestfarm.com\/es\/wp-json\/wp\/v2\/pages\/4086","targetHints":{"allow":["GET"]}}],"collection":[{"href":"https:\/\/sobantuguestfarm.com\/es\/wp-json\/wp\/v2\/pages"}],"about":[{"href":"https:\/\/sobantuguestfarm.com\/es\/wp-json\/wp\/v2\/types\/page"}],"author":[{"embeddable":true,"href":"https:\/\/sobantuguestfarm.com\/es\/wp-json\/wp\/v2\/users\/1"}],"replies":[{"embeddable":true,"href":"https:\/\/sobantuguestfarm.com\/es\/wp-json\/wp\/v2\/comments?post=4086"}],"version-history":[{"count":1,"href":"https:\/\/sobantuguestfarm.com\/es\/wp-json\/wp\/v2\/pages\/4086\/revisions"}],"predecessor-version":[{"id":4087,"href":"https:\/\/sobantuguestfarm.com\/es\/wp-json\/wp\/v2\/pages\/4086\/revisions\/4087"}],"wp:attachment":[{"href":"https:\/\/sobantuguestfarm.com\/es\/wp-json\/wp\/v2\/media?parent=4086"}],"curies":[{"name":"wp","href":"https:\/\/api.w.org\/{rel}","templated":true}]}}