{"id":4073,"date":"2025-04-29T14:20:43","date_gmt":"2025-04-29T14:20:43","guid":{"rendered":"https:\/\/sobantuguestfarm.com\/aktivitaten\/"},"modified":"2025-09-15T16:55:49","modified_gmt":"2025-09-15T16:55:49","slug":"aktivitaten","status":"publish","type":"page","link":"https:\/\/sobantuguestfarm.com\/de\/aktivitaten\/","title":{"rendered":"Aktivit\u00e4ten"},"content":{"rendered":"\t\t<div data-elementor-type=\"wp-page\" data-elementor-id=\"4073\" class=\"elementor elementor-4073 elementor-1636\" data-elementor-post-type=\"page\">\n\t\t\t\t<div class=\"elementor-element elementor-element-0faf872 e-con-full e-flex e-con e-parent\" data-id=\"0faf872\" data-element_type=\"container\" data-settings=\"{&quot;background_background&quot;:&quot;classic&quot;}\">\n\t\t\t\t<\/div>\n\t\t<div class=\"elementor-element elementor-element-5897c3b e-con-full e-flex e-con e-parent\" data-id=\"5897c3b\" data-element_type=\"container\">\n\t\t<div class=\"elementor-element elementor-element-d84caf4 e-con-full e-flex e-con e-child\" data-id=\"d84caf4\" data-element_type=\"container\">\n\t\t\t\t<div class=\"elementor-element elementor-element-714b54a elementor-widget elementor-widget-image\" data-id=\"714b54a\" data-element_type=\"widget\" data-widget_type=\"image.default\">\n\t\t\t\t<div class=\"elementor-widget-container\">\n\t\t\t\t\t\t\t\t\t\t\t\t\t\t\t<img decoding=\"async\" src=\"https:\/\/sobantulodge.keitech.co.za\/wp-content\/uploads\/2025\/04\/D712285.jpg\" title=\"\" alt=\"\" loading=\"lazy\" \/>\t\t\t\t\t\t\t\t\t\t\t\t\t\t\t<\/div>\n\t\t\t\t<\/div>\n\t\t\t\t<\/div>\n\t\t<div class=\"elementor-element elementor-element-5d90fbb e-con-full e-flex e-con e-child\" data-id=\"5d90fbb\" data-element_type=\"container\">\n\t\t\t\t<div class=\"elementor-element elementor-element-c1a9998 elementor-widget elementor-widget-text-editor\" data-id=\"c1a9998\" data-element_type=\"widget\" data-widget_type=\"text-editor.default\">\n\t\t\t\t<div class=\"elementor-widget-container\">\n\t\t\t\t\t\t\t\t\t<p>Unsere voll lizenzierte Bar erfreut sich wachsender Beliebtheit und ist t\u00e4glich von 9 bis 21 Uhr ge\u00f6ffnet. Sie bietet lokale Musik und eine gro\u00dfe Auswahl an Getr\u00e4nken. Im Winter sorgt der Kohleofen f\u00fcr wohlige W\u00e4rme, w\u00e4hrend Sie Ihr Lieblingsgetr\u00e4nk oder Ihren Lieblingssnack genie\u00dfen. Die Gastfreundschaft auf der <strong>Sobantu Guest Farm<\/strong> ist herzlich und einladend, und unser sehr freundliches Personal ist stets bem\u00fcht, Ihren Aufenthalt so angenehm wie m\u00f6glich zu gestalten.<\/p><p>In der N\u00e4he des <strong>Malolotja Naturreservats<\/strong> und all der dort angebotenen Freizeitaktivit\u00e4ten k\u00f6nnen Sie bei den <strong>Hawane<\/strong> St\u00e4llen vorbeischauen, um einen malerischen Ausritt zu unternehmen oder die lokalen Handwerker (Speckstein- und Holzschnitzer) zu besuchen.<\/p><p>Regelm\u00e4\u00dfige Shuttlebusse nach <strong>Pigg&#8217;s Peak<\/strong> oder <strong>Mbabane<\/strong> f\u00fcr diejenigen, die ohne Auto anreisen. <\/p><p>Lassen Sie es anders sein als jeden anderen Tag und lassen Sie sich von uns verw\u00f6hnen.<\/p><p> <\/p>\t\t\t\t\t\t\t\t<\/div>\n\t\t\t\t<\/div>\n\t\t\t\t<\/div>\n\t\t\t\t<\/div>\n\t\t<div class=\"elementor-element elementor-element-b99f0d6 e-con-full e-flex e-con e-parent\" data-id=\"b99f0d6\" data-element_type=\"container\">\n\t\t<div class=\"elementor-element elementor-element-1ddbc4a e-con-full e-flex e-con e-child\" data-id=\"1ddbc4a\" data-element_type=\"container\">\n\t\t\t\t<div class=\"elementor-element elementor-element-3d5e152 elementor-widget elementor-widget-heading\" data-id=\"3d5e152\" data-element_type=\"widget\" data-widget_type=\"heading.default\">\n\t\t\t\t<div class=\"elementor-widget-container\">\n\t\t\t\t\t<h2 class=\"elementor-heading-title elementor-size-default\">Aktivit\u00e4ten <\/h2>\t\t\t\t<\/div>\n\t\t\t\t<\/div>\n\t\t\t\t<div class=\"elementor-element elementor-element-4fefb7d elementor-widget elementor-widget-image\" data-id=\"4fefb7d\" data-element_type=\"widget\" data-widget_type=\"image.default\">\n\t\t\t\t<div class=\"elementor-widget-container\">\n\t\t\t\t\t\t\t\t\t\t\t\t\t\t\t<img decoding=\"async\" src=\"https:\/\/sobantulodge.keitech.co.za\/wp-content\/uploads\/2025\/04\/D712426.jpg\" title=\"\" alt=\"\" loading=\"lazy\" \/>\t\t\t\t\t\t\t\t\t\t\t\t\t\t\t<\/div>\n\t\t\t\t<\/div>\n\t\t\t\t<\/div>\n\t\t<div class=\"elementor-element elementor-element-c653373 e-con-full e-flex e-con e-child\" data-id=\"c653373\" data-element_type=\"container\">\n\t\t\t\t<div class=\"elementor-element elementor-element-675f7f6 elementor-widget elementor-widget-text-editor\" data-id=\"675f7f6\" data-element_type=\"widget\" data-widget_type=\"text-editor.default\">\n\t\t\t\t<div class=\"elementor-widget-container\">\n\t\t\t\t\t\t\t\t\t<p> <\/p><ul><li>Wandern oder radeln Sie zum Lubuyane-Wasserfall (dem bestgeh\u00fcteten Geheimnis unserer Region), der sich \u00fcber 25 Meter hinabst\u00fcrzt und so das perfekte Felsenbecken zum Schwimmen bildet.<\/li><\/ul><ul><li>Besuchen Sie die San-Felsmalereien, die Schlucht (Esicancweni) (wo der Nkomati 100 Meter unter Felsen verschwindet). Auf Anfrage k\u00f6nnen ein Reisef\u00fchrer und Transport bereitgestellt werden.<\/li><\/ul><ul><li>Besuch einer Swazi-Farm \u2013 mit dem Fahrrad vom Backpacker-Hostel zur Familie Maziya. Begleiten Sie die Familie zu einem lokalen Swazi-Mittagessen, das f\u00fcr jeden Geschmack etwas bietet (auch f\u00fcr Veganer und Vegetarier). Auf Anfrage k\u00f6nnen ein Reisef\u00fchrer und Transportm\u00f6glichkeiten bereitgestellt werden, wenn Sie nicht mit dem Fahrrad unterwegs sind.<\/li><\/ul>\t\t\t\t\t\t\t\t<\/div>\n\t\t\t\t<\/div>\n\t\t\t\t<\/div>\n\t\t\t\t<\/div>\n\t\t\t\t<\/div>\n\t\t","protected":false},"excerpt":{"rendered":"<p>Unsere voll lizenzierte Bar erfreut sich wachsender Beliebtheit und ist t\u00e4glich von 9 bis 21 Uhr ge\u00f6ffnet. Sie bietet lokale Musik und eine gro\u00dfe Auswahl an Getr\u00e4nken. Im Winter sorgt der Kohleofen f\u00fcr wohlige W\u00e4rme, w\u00e4hrend Sie Ihr Lieblingsgetr\u00e4nk oder Ihren Lieblingssnack genie\u00dfen. Die Gastfreundschaft auf der Sobantu Guest Farm ist herzlich und einladend, und &hellip; <\/p>\n<p class=\"link-more\"><a href=\"https:\/\/sobantuguestfarm.com\/de\/aktivitaten\/\" class=\"more-link\">Mehr <span class=\"screen-reader-text\">\u00fcber &#8222;Aktivit\u00e4ten&#8220; <\/span>Lesen<\/a><\/p>\n","protected":false},"author":1,"featured_media":0,"parent":0,"menu_order":0,"comment_status":"closed","ping_status":"closed","template":"","meta":{"footnotes":""},"class_list":["post-4073","page","type-page","status-publish","hentry"],"_links":{"self":[{"href":"https:\/\/sobantuguestfarm.com\/de\/wp-json\/wp\/v2\/pages\/4073","targetHints":{"allow":["GET"]}}],"collection":[{"href":"https:\/\/sobantuguestfarm.com\/de\/wp-json\/wp\/v2\/pages"}],"about":[{"href":"https:\/\/sobantuguestfarm.com\/de\/wp-json\/wp\/v2\/types\/page"}],"author":[{"embeddable":true,"href":"https:\/\/sobantuguestfarm.com\/de\/wp-json\/wp\/v2\/users\/1"}],"replies":[{"embeddable":true,"href":"https:\/\/sobantuguestfarm.com\/de\/wp-json\/wp\/v2\/comments?post=4073"}],"version-history":[{"count":1,"href":"https:\/\/sobantuguestfarm.com\/de\/wp-json\/wp\/v2\/pages\/4073\/revisions"}],"predecessor-version":[{"id":4074,"href":"https:\/\/sobantuguestfarm.com\/de\/wp-json\/wp\/v2\/pages\/4073\/revisions\/4074"}],"wp:attachment":[{"href":"https:\/\/sobantuguestfarm.com\/de\/wp-json\/wp\/v2\/media?parent=4073"}],"curies":[{"name":"wp","href":"https:\/\/api.w.org\/{rel}","templated":true}]}}